{"id":2165,"date":"2020-10-08T23:19:57","date_gmt":"2020-10-08T23:19:57","guid":{"rendered":"https:\/\/www.rochejewelry.com\/?page_id=2165"},"modified":"2024-11-05T13:10:04","modified_gmt":"2024-11-05T13:10:04","slug":"terms-of-service","status":"publish","type":"page","link":"https:\/\/www.raxdoor.com\/de\/terms-of-service\/","title":{"rendered":"Servicebedingungen"},"content":{"rendered":"<div class=\"vc_row wpb_row vc_row-fluid\"><div class=\"wpb_column vc_column_container vc_col-sm-12\"><div class=\"vc_column-inner vc_custom_1583395690728\"><div class=\"wpb_wrapper\">\n\t<div class=\"wpb_text_column wpb_content_element\" >\n\t\t<div class=\"wpb_wrapper\">\n\t\t\t<p>Hallo, willkommen bei raxdoor.com! Um die Integrit\u00e4t unserer Website zu wahren, haben wir diese Servicebedingungen f\u00fcr unsere Website festgelegt. Durch die Nutzung unserer Website erkl\u00e4ren Sie sich damit einverstanden, die folgenden Nutzungsbedingungen einzuhalten und an diese gebunden zu sein:<\/p>\n<p>&nbsp;<\/p>\n<h2>Haftungsbeschr\u00e4nkung<\/h2>\n<p>raxdoor.com ist nicht verantwortlich f\u00fcr Sch\u00e4den oder Verluste jeglicher Art, die durch die Nutzung unserer Website oder Produkte entstehen k\u00f6nnen. Unter keinen Umst\u00e4nden haftet der Eigent\u00fcmer oder autorisierte Vertreter der Website f\u00fcr direkte, indirekte, spezielle, zuf\u00e4llige oder Folgesch\u00e4den, die durch die Nutzung oder die Unm\u00f6glichkeit der Nutzung der auf der Website raxdoor.com bereitgestellten Materialien entstehen. Diese Website bietet keinen medizinischen Rat und sollte keine professionellen medizinischen oder psychiatrischen Dienste ersetzen.<\/p>\n<p>&nbsp;<\/p>\n<h2>Site-Verhalten<\/h2>\n<p>Sie verpflichten sich, bei der Teilnahme an Kommentarbereichen zu Artikeln und beim Posten in Foren respektvoll mit anderen umzugehen. Alle Beitr\u00e4ge im Forum, die als unangemessen angesehen werden k\u00f6nnen, k\u00f6nnen ohne Vorank\u00fcndigung gel\u00f6scht werden. Beispiele f\u00fcr unangemessene \u00c4u\u00dferungen sind unter anderem die Verwendung von Schimpfw\u00f6rtern, hasserf\u00fcllte Bemerkungen, das Hochladen von Bildern mit Nacktheit usw. Wir behalten uns das Recht vor, Kommentare, Forenbeitr\u00e4ge usw. ohne Vorank\u00fcndigung zu l\u00f6schen.<\/p>\n<p>&nbsp;<\/p>\n<h2>Workshop- und eBook-Bedingungen:<\/h2>\n<p>Unsere auf dieser Website angebotenen Workshops und eBooks sind urheberrechtlich gesch\u00fctzt und d\u00fcrfen nicht weiterverkauft, kopiert oder weitergegeben werden. Die Weitergabe von Materialien oder Benutzeranmeldeinformationen an Dritte ist nicht gestattet und kann zur dauerhaften L\u00f6schung Ihres Kontos ohne R\u00fcckerstattung f\u00fchren.<\/p>\n<p>&nbsp;<\/p>\n<h2>R\u00fcckerstattungen\/Stornierungsbedingungen<\/h2>\n<p>Aufgrund der Art der Inhalte unserer Online-Workshops erfolgen R\u00fcckerstattungen f\u00fcr Online-Workshops nur von Fall zu Fall. In F\u00e4llen, in denen eine R\u00fcckerstattung erfolgt, wird Ihr Konto sofort deaktiviert.<\/p>\n\n\t\t<\/div>\n\t<\/div>\n<\/div><\/div><\/div><\/div>\n\n\n<div class=\"kk-star-ratings kksr-auto kksr-align-left kksr-valign-bottom\"\n    data-payload='{&quot;align&quot;:&quot;left&quot;,&quot;id&quot;:&quot;2165&quot;,&quot;slug&quot;:&quot;default&quot;,&quot;valign&quot;:&quot;bottom&quot;,&quot;ignore&quot;:&quot;&quot;,&quot;reference&quot;:&quot;auto&quot;,&quot;class&quot;:&quot;&quot;,&quot;count&quot;:&quot;19&quot;,&quot;legendonly&quot;:&quot;&quot;,&quot;readonly&quot;:&quot;&quot;,&quot;score&quot;:&quot;4.9&quot;,&quot;starsonly&quot;:&quot;&quot;,&quot;best&quot;:&quot;5&quot;,&quot;gap&quot;:&quot;4&quot;,&quot;greet&quot;:&quot;Rate this page&quot;,&quot;legend&quot;:&quot;4.9\\\/5 - (19 votes)&quot;,&quot;size&quot;:&quot;24&quot;,&quot;title&quot;:&quot;Terms of Service&quot;,&quot;width&quot;:&quot;135.2&quot;,&quot;_legend&quot;:&quot;{score}\\\/{best} - ({count} {votes})&quot;,&quot;font_factor&quot;:&quot;1.25&quot;}'>\n            \n<div class=\"kksr-stars\">\n    \n<div class=\"kksr-stars-inactive\">\n            <div class=\"kksr-star\" data-star=\"1\" style=\"padding-right: 4px\">\n            \n\n<div class=\"kksr-icon\" style=\"width: 24px; height: 24px;\"><\/div>\n        <\/div>\n            <div class=\"kksr-star\" data-star=\"2\" style=\"padding-right: 4px\">\n            \n\n<div class=\"kksr-icon\" style=\"width: 24px; height: 24px;\"><\/div>\n        <\/div>\n            <div class=\"kksr-star\" data-star=\"3\" style=\"padding-right: 4px\">\n            \n\n<div class=\"kksr-icon\" style=\"width: 24px; height: 24px;\"><\/div>\n        <\/div>\n            <div class=\"kksr-star\" data-star=\"4\" style=\"padding-right: 4px\">\n            \n\n<div class=\"kksr-icon\" style=\"width: 24px; height: 24px;\"><\/div>\n        <\/div>\n            <div class=\"kksr-star\" data-star=\"5\" style=\"padding-right: 4px\">\n            \n\n<div class=\"kksr-icon\" style=\"width: 24px; height: 24px;\"><\/div>\n        <\/div>\n    <\/div>\n    \n<div class=\"kksr-stars-active\" style=\"width: 135.2px;\">\n            <div class=\"kksr-star\" style=\"padding-right: 4px\">\n            \n\n<div class=\"kksr-icon\" style=\"width: 24px; height: 24px;\"><\/div>\n        <\/div>\n            <div class=\"kksr-star\" style=\"padding-right: 4px\">\n            \n\n<div class=\"kksr-icon\" style=\"width: 24px; height: 24px;\"><\/div>\n        <\/div>\n            <div class=\"kksr-star\" style=\"padding-right: 4px\">\n            \n\n<div class=\"kksr-icon\" style=\"width: 24px; height: 24px;\"><\/div>\n        <\/div>\n            <div class=\"kksr-star\" style=\"padding-right: 4px\">\n            \n\n<div class=\"kksr-icon\" style=\"width: 24px; height: 24px;\"><\/div>\n        <\/div>\n            <div class=\"kksr-star\" style=\"padding-right: 4px\">\n            \n\n<div class=\"kksr-icon\" style=\"width: 24px; height: 24px;\"><\/div>\n        <\/div>\n    <\/div>\n<\/div>\n                \n\n<div class=\"kksr-legend\" style=\"font-size: 19.2px;\">\n            4.9\/5 (19 Stimmen)    <\/div>\n    <\/div>","protected":false},"excerpt":{"rendered":"<p>Hallo, willkommen bei raxdoor.com! Um die Integrit\u00e4t unserer Website zu wahren, haben wir diese Nutzungsbedingungen f\u00fcr unsere Website ver\u00f6ffentlicht. Durch die Nutzung unserer Website erkl\u00e4ren Sie sich mit den folgenden Nutzungsbedingungen einverstanden: Haftungsbeschr\u00e4nkung. raxdoor.com haftet nicht f\u00fcr Sch\u00e4den oder Verluste jeglicher Art\u2026<\/p>","protected":false},"author":1,"featured_media":0,"parent":0,"menu_order":0,"comment_status":"closed","ping_status":"closed","template":"","meta":{"footnotes":""},"class_list":["post-2165","page","type-page","status-publish","hentry","description-off"],"_links":{"self":[{"href":"https:\/\/www.raxdoor.com\/de\/wp-json\/wp\/v2\/pages\/2165","targetHints":{"allow":["GET"]}}],"collection":[{"href":"https:\/\/www.raxdoor.com\/de\/wp-json\/wp\/v2\/pages"}],"about":[{"href":"https:\/\/www.raxdoor.com\/de\/wp-json\/wp\/v2\/types\/page"}],"author":[{"embeddable":true,"href":"https:\/\/www.raxdoor.com\/de\/wp-json\/wp\/v2\/users\/1"}],"replies":[{"embeddable":true,"href":"https:\/\/www.raxdoor.com\/de\/wp-json\/wp\/v2\/comments?post=2165"}],"version-history":[{"count":0,"href":"https:\/\/www.raxdoor.com\/de\/wp-json\/wp\/v2\/pages\/2165\/revisions"}],"wp:attachment":[{"href":"https:\/\/www.raxdoor.com\/de\/wp-json\/wp\/v2\/media?parent=2165"}],"curies":[{"name":"wp","href":"https:\/\/api.w.org\/{rel}","templated":true}]}}