{"id":2165,"date":"2020-10-08T23:19:57","date_gmt":"2020-10-08T23:19:57","guid":{"rendered":"https:\/\/www.rochejewelry.com\/?page_id=2165"},"modified":"2024-11-05T13:10:04","modified_gmt":"2024-11-05T13:10:04","slug":"terms-of-service","status":"publish","type":"page","link":"https:\/\/www.raxdoor.com\/es\/terms-of-service\/","title":{"rendered":"Condiciones de servicio"},"content":{"rendered":"<div class=\"vc_row wpb_row vc_row-fluid\"><div class=\"wpb_column vc_column_container vc_col-sm-12\"><div class=\"vc_column-inner vc_custom_1583395690728\"><div class=\"wpb_wrapper\">\n\t<div class=\"wpb_text_column wpb_content_element\" >\n\t\t<div class=\"wpb_wrapper\">\n\t\t\t<p>Hola, \u00a1Bienvenido a raxdoor.com! Para mantener la integridad de nuestro sitio web, hemos establecido estos T\u00e9rminos de servicio relacionados con nuestro sitio web. Al utilizar nuestro sitio web, usted acepta cumplir y estar sujeto a los siguientes t\u00e9rminos de uso:<\/p>\n<p>&nbsp;<\/p>\n<h2>L\u00edmite de responsabilidad<\/h2>\n<p>raxdoor.com no se hace responsable de ning\u00fan tipo de da\u00f1os o p\u00e9rdidas que puedan resultar del uso de nuestro sitio web o de nuestros productos. Bajo ninguna circunstancia su propietario o cualquier representante autorizado del sitio ser\u00e1n responsables de ning\u00fan da\u00f1o directo, indirecto, especial, incidental o consecuente que surja del uso o de la imposibilidad de usar los materiales disponibles en el sitio web raxdoor.com. Este sitio web no proporciona asesoramiento m\u00e9dico y no debe sustituir a los servicios profesionales m\u00e9dicos o de salud mental.<\/p>\n<p>&nbsp;<\/p>\n<h2>Conducta del sitio<\/h2>\n<p>Aceptas ser respetuoso con los dem\u00e1s cuando participes en las \u00e1reas de comentarios de los art\u00edculos y cuando publiques en los foros. Cualquier publicaci\u00f3n en el foro que pueda considerarse inapropiada puede eliminarse sin previo aviso. Los ejemplos inapropiados incluyen, entre otros, el uso de blasfemias, hacer comentarios de odio, subir im\u00e1genes que contengan desnudez, etc. Nos reservamos el derecho de eliminar, sin previo aviso, cualquier comentario, publicaci\u00f3n en el foro, etc.<\/p>\n<p>&nbsp;<\/p>\n<h2>Condiciones del taller y del libro electr\u00f3nico:<\/h2>\n<p>Los talleres y libros electr\u00f3nicos que se ofrecen en este sitio web est\u00e1n protegidos por la ley de derechos de autor y no se pueden revender, copiar ni redistribuir. No se permite compartir materiales ni informaci\u00f3n de inicio de sesi\u00f3n de usuario con terceros, lo que puede provocar la eliminaci\u00f3n permanente de su cuenta sin reembolso.<\/p>\n<p>&nbsp;<\/p>\n<h2>Pol\u00edtica de reembolsos y cancelaciones<\/h2>\n<p>Debido a la naturaleza del contenido ofrecido en nuestros talleres en l\u00ednea, los reembolsos por los talleres en l\u00ednea se realizan solo caso por caso. En los casos en que se emita un reembolso, su cuenta se desactivar\u00e1 de inmediato.<\/p>\n\n\t\t<\/div>\n\t<\/div>\n<\/div><\/div><\/div><\/div>\n\n\n<div class=\"kk-star-ratings kksr-auto kksr-align-left kksr-valign-bottom\"\n    data-payload='{&quot;align&quot;:&quot;left&quot;,&quot;id&quot;:&quot;2165&quot;,&quot;slug&quot;:&quot;default&quot;,&quot;valign&quot;:&quot;bottom&quot;,&quot;ignore&quot;:&quot;&quot;,&quot;reference&quot;:&quot;auto&quot;,&quot;class&quot;:&quot;&quot;,&quot;count&quot;:&quot;19&quot;,&quot;legendonly&quot;:&quot;&quot;,&quot;readonly&quot;:&quot;&quot;,&quot;score&quot;:&quot;4.9&quot;,&quot;starsonly&quot;:&quot;&quot;,&quot;best&quot;:&quot;5&quot;,&quot;gap&quot;:&quot;4&quot;,&quot;greet&quot;:&quot;Rate this page&quot;,&quot;legend&quot;:&quot;4.9\\\/5 - (19 votos)&quot;,&quot;size&quot;:&quot;24&quot;,&quot;title&quot;:&quot;Terms of Service&quot;,&quot;width&quot;:&quot;135.2&quot;,&quot;_legend&quot;:&quot;{score}\\\/{best} - ({count} {votes})&quot;,&quot;font_factor&quot;:&quot;1.25&quot;}'>\n            \n<div class=\"kksr-stars\">\n    \n<div class=\"kksr-stars-inactive\">\n            <div class=\"kksr-star\" data-star=\"1\" style=\"padding-right: 4px\">\n            \n\n<div class=\"kksr-icon\" style=\"width: 24px; height: 24px;\"><\/div>\n        <\/div>\n            <div class=\"kksr-star\" data-star=\"2\" style=\"padding-right: 4px\">\n            \n\n<div class=\"kksr-icon\" style=\"width: 24px; height: 24px;\"><\/div>\n        <\/div>\n            <div class=\"kksr-star\" data-star=\"3\" style=\"padding-right: 4px\">\n            \n\n<div class=\"kksr-icon\" style=\"width: 24px; height: 24px;\"><\/div>\n        <\/div>\n            <div class=\"kksr-star\" data-star=\"4\" style=\"padding-right: 4px\">\n            \n\n<div class=\"kksr-icon\" style=\"width: 24px; height: 24px;\"><\/div>\n        <\/div>\n            <div class=\"kksr-star\" data-star=\"5\" style=\"padding-right: 4px\">\n            \n\n<div class=\"kksr-icon\" style=\"width: 24px; height: 24px;\"><\/div>\n        <\/div>\n    <\/div>\n    \n<div class=\"kksr-stars-active\" style=\"width: 135.2px;\">\n            <div class=\"kksr-star\" style=\"padding-right: 4px\">\n            \n\n<div class=\"kksr-icon\" style=\"width: 24px; height: 24px;\"><\/div>\n        <\/div>\n            <div class=\"kksr-star\" style=\"padding-right: 4px\">\n            \n\n<div class=\"kksr-icon\" style=\"width: 24px; height: 24px;\"><\/div>\n        <\/div>\n            <div class=\"kksr-star\" style=\"padding-right: 4px\">\n            \n\n<div class=\"kksr-icon\" style=\"width: 24px; height: 24px;\"><\/div>\n        <\/div>\n            <div class=\"kksr-star\" style=\"padding-right: 4px\">\n            \n\n<div class=\"kksr-icon\" style=\"width: 24px; height: 24px;\"><\/div>\n        <\/div>\n            <div class=\"kksr-star\" style=\"padding-right: 4px\">\n            \n\n<div class=\"kksr-icon\" style=\"width: 24px; height: 24px;\"><\/div>\n        <\/div>\n    <\/div>\n<\/div>\n                \n\n<div class=\"kksr-legend\" style=\"font-size: 19.2px;\">\n            4.9\/5 - (19 votos)    <\/div>\n    <\/div>","protected":false},"excerpt":{"rendered":"<p>Hola, \u00a1Bienvenido a raxdoor.com! Para mantener la integridad de nuestro sitio web, hemos establecido estos T\u00e9rminos de Servicio. Al usar nuestro sitio web, usted acepta cumplir y estar sujeto a los siguientes t\u00e9rminos de uso: L\u00edmite de responsabilidad. raxdoor.com no se hace responsable de ning\u00fan tipo de da\u00f1o o p\u00e9rdida.<\/p>","protected":false},"author":1,"featured_media":0,"parent":0,"menu_order":0,"comment_status":"closed","ping_status":"closed","template":"","meta":{"footnotes":""},"class_list":["post-2165","page","type-page","status-publish","hentry","description-off"],"_links":{"self":[{"href":"https:\/\/www.raxdoor.com\/es\/wp-json\/wp\/v2\/pages\/2165","targetHints":{"allow":["GET"]}}],"collection":[{"href":"https:\/\/www.raxdoor.com\/es\/wp-json\/wp\/v2\/pages"}],"about":[{"href":"https:\/\/www.raxdoor.com\/es\/wp-json\/wp\/v2\/types\/page"}],"author":[{"embeddable":true,"href":"https:\/\/www.raxdoor.com\/es\/wp-json\/wp\/v2\/users\/1"}],"replies":[{"embeddable":true,"href":"https:\/\/www.raxdoor.com\/es\/wp-json\/wp\/v2\/comments?post=2165"}],"version-history":[{"count":0,"href":"https:\/\/www.raxdoor.com\/es\/wp-json\/wp\/v2\/pages\/2165\/revisions"}],"wp:attachment":[{"href":"https:\/\/www.raxdoor.com\/es\/wp-json\/wp\/v2\/media?parent=2165"}],"curies":[{"name":"gracias","href":"https:\/\/api.w.org\/{rel}","templated":true}]}}