{"id":2165,"date":"2020-10-08T23:19:57","date_gmt":"2020-10-08T23:19:57","guid":{"rendered":"https:\/\/www.rochejewelry.com\/?page_id=2165"},"modified":"2024-11-05T13:10:04","modified_gmt":"2024-11-05T13:10:04","slug":"terms-of-service","status":"publish","type":"page","link":"https:\/\/www.raxdoor.com\/fr\/terms-of-service\/","title":{"rendered":"Conditions d&#039;utilisation"},"content":{"rendered":"<div class=\"vc_row wpb_row vc_row-fluid\"><div class=\"wpb_column vc_column_container vc_col-sm-12\"><div class=\"vc_column-inner vc_custom_1583395690728\"><div class=\"wpb_wrapper\">\n\t<div class=\"wpb_text_column wpb_content_element\" >\n\t\t<div class=\"wpb_wrapper\">\n\t\t\t<p>Bonjour, bienvenue sur raxdoor.com ! Pour maintenir l&#039;int\u00e9grit\u00e9 de notre site Web, nous avons d\u00e9fini les pr\u00e9sentes conditions d&#039;utilisation concernant notre site Web. En utilisant notre site Web, vous acceptez d&#039;adh\u00e9rer et d&#039;\u00eatre li\u00e9 par les conditions d&#039;utilisation suivantes :<\/p>\n<p>&nbsp;<\/p>\n<h2>Limite de responsabilit\u00e9<\/h2>\n<p>raxdoor.com n&#039;est pas responsable de tout type de dommages ou de pertes pouvant r\u00e9sulter de l&#039;utilisation de notre site Web ou de nos produits. En aucun cas, son propri\u00e9taire ou tout repr\u00e9sentant autoris\u00e9 du site ne pourra \u00eatre tenu responsable de tout dommage direct, indirect, sp\u00e9cial, accessoire ou cons\u00e9cutif d\u00e9coulant de l&#039;utilisation ou de l&#039;impossibilit\u00e9 d&#039;utiliser les documents mis \u00e0 disposition sur le site Web raxdoor.com. Ce site Web ne fournit pas de conseils m\u00e9dicaux et ne doit pas se substituer \u00e0 des services m\u00e9dicaux ou de sant\u00e9 mentale professionnels.<\/p>\n<p>&nbsp;<\/p>\n<h2>Conduite du site<\/h2>\n<p>Vous acceptez de respecter les autres lorsque vous participez aux zones de commentaires sur les articles et lorsque vous publiez sur les forums. Tout message sur le forum qui peut \u00eatre consid\u00e9r\u00e9 comme inappropri\u00e9 peut \u00eatre supprim\u00e9 sans pr\u00e9avis. Les exemples inappropri\u00e9s incluent, mais ne sont pas limit\u00e9s \u00e0, l&#039;utilisation de blasph\u00e8mes, les remarques haineuses, le t\u00e9l\u00e9chargement d&#039;images contenant de la nudit\u00e9, etc. etc. Nous nous r\u00e9servons le droit de supprimer, sans pr\u00e9avis, tout commentaire, message sur le forum, etc.<\/p>\n<p>&nbsp;<\/p>\n<h2>Conditions de l&#039;atelier et du livre \u00e9lectronique :<\/h2>\n<p>Nos ateliers et livres \u00e9lectroniques propos\u00e9s sur ce site sont prot\u00e9g\u00e9s par la loi sur le droit d&#039;auteur et ne peuvent \u00eatre revendus, copi\u00e9s ou redistribu\u00e9s. Le partage de documents ou d&#039;informations de connexion d&#039;utilisateur avec un tiers n&#039;est pas autoris\u00e9 et peut entra\u00eener la suppression d\u00e9finitive de votre compte sans remboursement.<\/p>\n<p>&nbsp;<\/p>\n<h2>Politique de remboursement\/annulation<\/h2>\n<p>En raison de la nature du contenu propos\u00e9 dans nos ateliers en ligne, les remboursements pour les ateliers en ligne ne sont effectu\u00e9s qu&#039;au cas par cas. Dans les cas o\u00f9 un remboursement est \u00e9mis, votre compte sera imm\u00e9diatement d\u00e9sactiv\u00e9.<\/p>\n\n\t\t<\/div>\n\t<\/div>\n<\/div><\/div><\/div><\/div>\n\n\n<div class=\"kk-star-ratings kksr-auto kksr-align-left kksr-valign-bottom\"\n    data-payload='{&quot;align&quot;:&quot;left&quot;,&quot;id&quot;:&quot;2165&quot;,&quot;slug&quot;:&quot;default&quot;,&quot;valign&quot;:&quot;bottom&quot;,&quot;ignore&quot;:&quot;&quot;,&quot;reference&quot;:&quot;auto&quot;,&quot;class&quot;:&quot;&quot;,&quot;count&quot;:&quot;19&quot;,&quot;legendonly&quot;:&quot;&quot;,&quot;readonly&quot;:&quot;&quot;,&quot;score&quot;:&quot;4.9&quot;,&quot;starsonly&quot;:&quot;&quot;,&quot;best&quot;:&quot;5&quot;,&quot;gap&quot;:&quot;4&quot;,&quot;greet&quot;:&quot;Rate this page&quot;,&quot;legend&quot;:&quot;4.9\\\/5 - (19 votes)&quot;,&quot;size&quot;:&quot;24&quot;,&quot;title&quot;:&quot;Terms of Service&quot;,&quot;width&quot;:&quot;135.2&quot;,&quot;_legend&quot;:&quot;{score}\\\/{best} - ({count} {votes})&quot;,&quot;font_factor&quot;:&quot;1.25&quot;}'>\n            \n<div class=\"kksr-stars\">\n    \n<div class=\"kksr-stars-inactive\">\n            <div class=\"kksr-star\" data-star=\"1\" style=\"padding-right: 4px\">\n            \n\n<div class=\"kksr-icon\" style=\"width: 24px; height: 24px;\"><\/div>\n        <\/div>\n            <div class=\"kksr-star\" data-star=\"2\" style=\"padding-right: 4px\">\n            \n\n<div class=\"kksr-icon\" style=\"width: 24px; height: 24px;\"><\/div>\n        <\/div>\n            <div class=\"kksr-star\" data-star=\"3\" style=\"padding-right: 4px\">\n            \n\n<div class=\"kksr-icon\" style=\"width: 24px; height: 24px;\"><\/div>\n        <\/div>\n            <div class=\"kksr-star\" data-star=\"4\" style=\"padding-right: 4px\">\n            \n\n<div class=\"kksr-icon\" style=\"width: 24px; height: 24px;\"><\/div>\n        <\/div>\n            <div class=\"kksr-star\" data-star=\"5\" style=\"padding-right: 4px\">\n            \n\n<div class=\"kksr-icon\" style=\"width: 24px; height: 24px;\"><\/div>\n        <\/div>\n    <\/div>\n    \n<div class=\"kksr-stars-active\" style=\"width: 135.2px;\">\n            <div class=\"kksr-star\" style=\"padding-right: 4px\">\n            \n\n<div class=\"kksr-icon\" style=\"width: 24px; height: 24px;\"><\/div>\n        <\/div>\n            <div class=\"kksr-star\" style=\"padding-right: 4px\">\n            \n\n<div class=\"kksr-icon\" style=\"width: 24px; height: 24px;\"><\/div>\n        <\/div>\n            <div class=\"kksr-star\" style=\"padding-right: 4px\">\n            \n\n<div class=\"kksr-icon\" style=\"width: 24px; height: 24px;\"><\/div>\n        <\/div>\n            <div class=\"kksr-star\" style=\"padding-right: 4px\">\n            \n\n<div class=\"kksr-icon\" style=\"width: 24px; height: 24px;\"><\/div>\n        <\/div>\n            <div class=\"kksr-star\" style=\"padding-right: 4px\">\n            \n\n<div class=\"kksr-icon\" style=\"width: 24px; height: 24px;\"><\/div>\n        <\/div>\n    <\/div>\n<\/div>\n                \n\n<div class=\"kksr-legend\" style=\"font-size: 19.2px;\">\n            4,9\/5 - (19 votes)    <\/div>\n    <\/div>","protected":false},"excerpt":{"rendered":"<p>Bonjour, bienvenue sur raxdoor.com\u00a0! Afin de pr\u00e9server l&#039;int\u00e9grit\u00e9 de notre site web, nous avons d\u00e9fini les pr\u00e9sentes Conditions d&#039;utilisation. En utilisant notre site web, vous acceptez d&#039;adh\u00e9rer aux conditions d&#039;utilisation suivantes\u00a0: Limitation de responsabilit\u00e9. raxdoor.com d\u00e9cline toute responsabilit\u00e9 en cas de dommages ou de pertes\u2026<\/p>","protected":false},"author":1,"featured_media":0,"parent":0,"menu_order":0,"comment_status":"closed","ping_status":"closed","template":"","meta":{"footnotes":""},"class_list":["post-2165","page","type-page","status-publish","hentry","description-off"],"_links":{"self":[{"href":"https:\/\/www.raxdoor.com\/fr\/wp-json\/wp\/v2\/pages\/2165","targetHints":{"allow":["GET"]}}],"collection":[{"href":"https:\/\/www.raxdoor.com\/fr\/wp-json\/wp\/v2\/pages"}],"about":[{"href":"https:\/\/www.raxdoor.com\/fr\/wp-json\/wp\/v2\/types\/page"}],"author":[{"embeddable":true,"href":"https:\/\/www.raxdoor.com\/fr\/wp-json\/wp\/v2\/users\/1"}],"replies":[{"embeddable":true,"href":"https:\/\/www.raxdoor.com\/fr\/wp-json\/wp\/v2\/comments?post=2165"}],"version-history":[{"count":0,"href":"https:\/\/www.raxdoor.com\/fr\/wp-json\/wp\/v2\/pages\/2165\/revisions"}],"wp:attachment":[{"href":"https:\/\/www.raxdoor.com\/fr\/wp-json\/wp\/v2\/media?parent=2165"}],"curies":[{"name":"wp","href":"https:\/\/api.w.org\/{rel}","templated":true}]}}