{"id":108,"date":"2020-02-15T10:41:42","date_gmt":"2020-02-15T10:41:42","guid":{"rendered":"https:\/\/the7.io\/logistics\/?page_id=23"},"modified":"2024-11-21T12:45:30","modified_gmt":"2024-11-21T12:45:30","slug":"contact-us","status":"publish","type":"page","link":"https:\/\/www.raxdoor.com\/pt\/contact-us\/","title":{"rendered":"CONTATO"},"content":{"rendered":"<div class=\"vc_row wpb_row vc_row-fluid vc_column-gap-35\"><div class=\"wpb_column vc_column_container vc_col-sm-6 vc_col-has-fill\"><div class=\"vc_column-inner vc_custom_1608278159126\"><div class=\"wpb_wrapper\">\n<div class=\"wpcf7 no-js\" id=\"wpcf7-f9-o1\" lang=\"en-US\" dir=\"ltr\" data-wpcf7-id=\"9\">\n<div class=\"screen-reader-response\"><p role=\"status\" aria-live=\"polite\" aria-atomic=\"true\"><\/p> <ul><\/ul><\/div>\n<form action=\"\/pt\/wp-json\/wp\/v2\/pages\/108#wpcf7-f9-o1\" method=\"post\" class=\"wpcf7-form init\" aria-label=\"Formul\u00e1rio de contato\" novalidate=\"novalidate\" data-status=\"init\" data-trp-original-action=\"\/pt\/wp-json\/wp\/v2\/pages\/108#wpcf7-f9-o1\">\n<fieldset class=\"hidden-fields-container\"><input type=\"hidden\" name=\"_wpcf7\" value=\"9\" \/><input type=\"hidden\" name=\"_wpcf7_version\" value=\"6.1.5\" \/><input type=\"hidden\" name=\"_wpcf7_locale\" value=\"en_US\" \/><input type=\"hidden\" name=\"_wpcf7_unit_tag\" value=\"wpcf7-f9-o1\" \/><input type=\"hidden\" name=\"_wpcf7_container_post\" value=\"0\" \/><input type=\"hidden\" name=\"_wpcf7_posted_data_hash\" value=\"\" \/><input type=\"hidden\" name=\"_wpcf7_recaptcha_response\" value=\"\" \/>\n<\/fieldset>\n<p><span class=\"wpcf7-form-control-wrap\" data-name=\"text-383\"><input size=\"40\" maxlength=\"400\" class=\"wpcf7-form-control wpcf7-text wpcf7-validates-as-required\" aria-required=\"true\" aria-invalid=\"false\" placeholder=\"Seu nome*\" value=\"\" type=\"text\" name=\"text-383\" \/><\/span><br \/>\n<span class=\"wpcf7-form-control-wrap\" data-name=\"email-983\"><input size=\"40\" maxlength=\"400\" class=\"wpcf7-form-control wpcf7-email wpcf7-validates-as-required wpcf7-text wpcf7-validates-as-email\" aria-required=\"true\" aria-invalid=\"false\" placeholder=\"Seu e-mail*\" value=\"\" type=\"email\" name=\"email-983\" \/><\/span><br \/>\n<span class=\"wpcf7-form-control-wrap\" data-name=\"textarea-963\"><textarea cols=\"40\" rows=\"10\" maxlength=\"2000\" class=\"wpcf7-form-control wpcf7-textarea wpcf7-validates-as-required\" aria-required=\"true\" aria-invalid=\"false\" placeholder=\"Sua mensagem*\" name=\"textarea-963\"><\/textarea><\/span><br \/>\n<input class=\"wpcf7-form-control wpcf7-submit has-spinner\" type=\"submit\" value=\"Envie sua solicita\u00e7\u00e3o\" \/><br \/>\n<span style=\"font-size: 9pt;\"><span style=\"color: #999999;\">Este site \u00e9 protegido pelo reCAPTCHA e pelo Google <\/span><a href=\"https:\/\/policies.google.com\/privacy\" target=\"_blank\" rel=\"noopener\"><span style=\"color: #66b3f2;\">pol\u00edtica de Privacidade<\/span><\/a> <span style=\"color: #999999;\">e<\/span> <span style=\"color: #66b3f2;\"><a style=\"color: #66b3f2;\" href=\"https:\/\/policies.google.com\/terms\" target=\"_blank\" rel=\"noopener\">Termos de servi\u00e7o<\/a><\/span>\u00a0<span style=\"color: #999999;\">aplicar<\/span>.<\/span>\n<\/p><div class=\"wpcf7-response-output\" aria-hidden=\"true\"><\/div>\n<input type=\"hidden\" name=\"trp-form-language\" value=\"pt\"\/><\/form>\n<\/div>\n<\/div><\/div><\/div><div class=\"wpb_column vc_column_container vc_col-sm-6\"><div class=\"vc_column-inner\"><div class=\"wpb_wrapper\">\n\t<div class=\"wpb_text_column wpb_content_element  vc_custom_1637650986521\" >\n\t\t<div class=\"wpb_wrapper\">\n\t\t\t<h2 style=\"text-align: center;\"><span style=\"color: #ffffff;\"><strong><span style=\"font-size: 36pt;\">Nota do CEO<\/span><\/strong><\/span><\/h2>\n<p style=\"text-align: center;\"><span style=\"color: #ffffff;\"><span style=\"font-size: 36pt;\">\u201c<\/span>Satisfa\u00e7\u00e3o do cliente, produtos de alta qualidade e servi\u00e7o conveniente s\u00e3o as miss\u00f5es da nossa empresa. Com nossa equipe din\u00e2mica e experiente, acreditamos que nosso servi\u00e7o \u00e9 capaz de ajudar seu neg\u00f3cio a crescer continuamente junto conosco.<\/span><\/p>\n<p>&nbsp;<\/p>\n<p style=\"text-align: center;\"><span style=\"color: #ffffff;\">Nossa miss\u00e3o \u00e9 inspirar e capacitar um futuro mais inteligente que ofere\u00e7a oportunidades de crescimento para todas as partes interessadas.<span style=\"font-size: 36pt;\">&quot;<\/span><\/span><\/p>\n\n\t\t<\/div>\n\t<\/div>\n<\/div><\/div><\/div><\/div><div class=\"vc_row wpb_row vc_row-fluid\"><div class=\"wpb_column vc_column_container vc_col-sm-12\"><div class=\"vc_column-inner\"><div class=\"wpb_wrapper\"><div class=\"ult-spacer spacer-69dd284491370\" data-id=\"69dd284491370\" data-height=\"60\" data-height-mobile=\"60\" data-height-tab=\"60\" data-height-tab-portrait=\"\" data-height-mobile-landscape=\"\" style=\"clear:both;display:block;\"><\/div><\/div><\/div><\/div><\/div><div class=\"vc_row wpb_row vc_row-fluid vc_custom_1608278546834 vc_row-has-fill\"><div class=\"wpb_column vc_column_container vc_col-sm-12\"><div class=\"vc_column-inner vc_custom_1583395690728\"><div class=\"wpb_wrapper\">\n\t<div class=\"wpb_text_column wpb_content_element\" >\n\t\t<div class=\"wpb_wrapper\">\n\t\t\t<h2 style=\"text-align: center;\">Entre em contato com a RaxDoor e comece nossa coopera\u00e7\u00e3o hoje mesmo<\/h2>\n<p style=\"text-align: center;\"><span style=\"color: #000000;\"><strong>Contato:<\/strong><\/span> Ava<span class=\"no_translate\"> Li<\/span><br \/>\n<strong><span style=\"color: #000000;\">Investiga\u00e7\u00e3o:<\/span><\/strong> info@raxdoor.com<br \/>\n<strong><span style=\"color: #000000;\">Celular e Wechat e Whatsapp:<\/span><\/strong> (+86)15231706865<\/p>\n\n\t\t<\/div>\n\t<\/div>\n<div class=\"vc_row wpb_row vc_inner vc_row-fluid vc_column-gap-30\"><div class=\"wpb_column vc_column_container vc_col-sm-4 vc_col-has-fill\"><div class=\"vc_column-inner vc_custom_1608278577835\"><div class=\"wpb_wrapper\">\n\t<div class=\"wpb_text_column wpb_content_element\" >\n\t\t<div class=\"wpb_wrapper\">\n\t\t\t<p style=\"text-align: center;\"><strong><span style=\"color: #000000;\">Endere\u00e7o da f\u00e1brica:<\/span><\/strong><br \/>\nZona Industrial de Majiawu, cidade de Renqiu, prov\u00edncia de Hebei, China<\/p>\n\n\t\t<\/div>\n\t<\/div>\n<\/div><\/div><\/div><div class=\"wpb_column vc_column_container vc_col-sm-4 vc_col-has-fill\"><div class=\"vc_column-inner vc_custom_1608278624835\"><div class=\"wpb_wrapper\">\n\t<div class=\"wpb_text_column wpb_content_element\" >\n\t\t<div class=\"wpb_wrapper\">\n\t\t\t<p style=\"text-align: center;\"><strong><span style=\"color: #000000;\">Endere\u00e7o do escrit\u00f3rio:<\/span><\/strong><br \/>\nEdif\u00edcio Yihe, Jiefang Road, cidade de Cangzhou, prov\u00edncia de Hebei<\/p>\n\n\t\t<\/div>\n\t<\/div>\n<\/div><\/div><\/div><div class=\"wpb_column vc_column_container vc_col-sm-4 vc_col-has-fill\"><div class=\"vc_column-inner vc_custom_1608278647932\"><div class=\"wpb_wrapper\">\n\t<div class=\"wpb_text_column wpb_content_element\" >\n\t\t<div class=\"wpb_wrapper\">\n\t\t\t<p style=\"text-align: center;\"><strong><span style=\"color: #000000;\">Endere\u00e7o em Hong Kong:<\/span><\/strong><br \/>\n29\/F, Torre Dois Times Square, 1 Matheson Street, Causeway Bay, Hong Kong<\/p>\n\n\t\t<\/div>\n\t<\/div>\n<\/div><\/div><\/div><\/div><\/div><\/div><\/div><\/div><!-- Row Backgrounds --><div class=\"upb_color\" data-bg-override=\"ex-full\" data-bg-color=\"#f5f5f5\" data-fadeout=\"\" data-fadeout-percentage=\"30\" data-parallax-content=\"\" data-parallax-content-sense=\"30\" data-row-effect-mobile-disable=\"true\" data-img-parallax-mobile-disable=\"true\" data-rtl=\"false\"  data-custom-vc-row=\"\"  data-vc=\"6.9.0\"  data-is_old_vc=\"\"  data-theme-support=\"\"   data-overlay=\"false\" data-overlay-color=\"\" data-overlay-pattern=\"\" data-overlay-pattern-opacity=\"\" data-overlay-pattern-size=\"\"    data-seperator=\"true\"  data-seperator-type=\"triangle_svg_seperator\"  data-seperator-shape-size=\"40\"  data-seperator-svg-height=\"30\"  data-seperator-full-width=\"true\" data-seperator-position=\"top_seperator\"  data-seperator-background-color=\"#fff\"  data-icon=\"\"  ><\/div>\n\n\n<div class=\"kk-star-ratings kksr-auto kksr-align-left kksr-valign-bottom\"\n    data-payload='{&quot;align&quot;:&quot;left&quot;,&quot;id&quot;:&quot;108&quot;,&quot;slug&quot;:&quot;default&quot;,&quot;valign&quot;:&quot;bottom&quot;,&quot;ignore&quot;:&quot;&quot;,&quot;reference&quot;:&quot;auto&quot;,&quot;class&quot;:&quot;&quot;,&quot;count&quot;:&quot;39&quot;,&quot;legendonly&quot;:&quot;&quot;,&quot;readonly&quot;:&quot;&quot;,&quot;score&quot;:&quot;4.8&quot;,&quot;starsonly&quot;:&quot;&quot;,&quot;best&quot;:&quot;5&quot;,&quot;gap&quot;:&quot;4&quot;,&quot;greet&quot;:&quot;Rate this page&quot;,&quot;legend&quot;:&quot;4.8\\\/5 - (39 votes)&quot;,&quot;size&quot;:&quot;24&quot;,&quot;title&quot;:&quot;CONTACT&quot;,&quot;width&quot;:&quot;132.4&quot;,&quot;_legend&quot;:&quot;{score}\\\/{best} - ({count} {votes})&quot;,&quot;font_factor&quot;:&quot;1.25&quot;}'>\n            \n<div class=\"kksr-stars\">\n    \n<div class=\"kksr-stars-inactive\">\n            <div class=\"kksr-star\" data-star=\"1\" style=\"padding-right: 4px\">\n            \n\n<div class=\"kksr-icon\" style=\"width: 24px; height: 24px;\"><\/div>\n        <\/div>\n            <div class=\"kksr-star\" data-star=\"2\" style=\"padding-right: 4px\">\n            \n\n<div class=\"kksr-icon\" style=\"width: 24px; height: 24px;\"><\/div>\n        <\/div>\n            <div class=\"kksr-star\" data-star=\"3\" style=\"padding-right: 4px\">\n            \n\n<div class=\"kksr-icon\" style=\"width: 24px; height: 24px;\"><\/div>\n        <\/div>\n            <div class=\"kksr-star\" data-star=\"4\" style=\"padding-right: 4px\">\n            \n\n<div class=\"kksr-icon\" style=\"width: 24px; height: 24px;\"><\/div>\n        <\/div>\n            <div class=\"kksr-star\" data-star=\"5\" style=\"padding-right: 4px\">\n            \n\n<div class=\"kksr-icon\" style=\"width: 24px; height: 24px;\"><\/div>\n        <\/div>\n    <\/div>\n    \n<div class=\"kksr-stars-active\" style=\"width: 132.4px;\">\n            <div class=\"kksr-star\" style=\"padding-right: 4px\">\n            \n\n<div class=\"kksr-icon\" style=\"width: 24px; height: 24px;\"><\/div>\n        <\/div>\n            <div class=\"kksr-star\" style=\"padding-right: 4px\">\n            \n\n<div class=\"kksr-icon\" style=\"width: 24px; height: 24px;\"><\/div>\n        <\/div>\n            <div class=\"kksr-star\" style=\"padding-right: 4px\">\n            \n\n<div class=\"kksr-icon\" style=\"width: 24px; height: 24px;\"><\/div>\n        <\/div>\n            <div class=\"kksr-star\" style=\"padding-right: 4px\">\n            \n\n<div class=\"kksr-icon\" style=\"width: 24px; height: 24px;\"><\/div>\n        <\/div>\n            <div class=\"kksr-star\" style=\"padding-right: 4px\">\n            \n\n<div class=\"kksr-icon\" style=\"width: 24px; height: 24px;\"><\/div>\n        <\/div>\n    <\/div>\n<\/div>\n                \n\n<div class=\"kksr-legend\" style=\"font-size: 19.2px;\">\n            4,8\/5 - (39 votos)    <\/div>\n    <\/div>","protected":false},"excerpt":{"rendered":"<p>Este site \u00e9 protegido pelo reCAPTCHA e a Pol\u00edtica de Privacidade e os Termos de Servi\u00e7o do Google se aplicam. Nota do CEO: \u201cSatisfa\u00e7\u00e3o do cliente, produtos de alta qualidade e atendimento pr\u00e1tico s\u00e3o as miss\u00f5es da nossa empresa. Com nossa equipe din\u00e2mica e experiente, acreditamos que nosso servi\u00e7o pode ajudar sua empresa a crescer continuamente conosco. Nossa miss\u00e3o\u2026<\/p>","protected":false},"author":1,"featured_media":0,"parent":0,"menu_order":70,"comment_status":"closed","ping_status":"closed","template":"","meta":{"footnotes":""},"class_list":["post-108","page","type-page","status-publish","hentry","description-off"],"_links":{"self":[{"href":"https:\/\/www.raxdoor.com\/pt\/wp-json\/wp\/v2\/pages\/108","targetHints":{"allow":["GET"]}}],"collection":[{"href":"https:\/\/www.raxdoor.com\/pt\/wp-json\/wp\/v2\/pages"}],"about":[{"href":"https:\/\/www.raxdoor.com\/pt\/wp-json\/wp\/v2\/types\/page"}],"author":[{"embeddable":true,"href":"https:\/\/www.raxdoor.com\/pt\/wp-json\/wp\/v2\/users\/1"}],"replies":[{"embeddable":true,"href":"https:\/\/www.raxdoor.com\/pt\/wp-json\/wp\/v2\/comments?post=108"}],"version-history":[{"count":0,"href":"https:\/\/www.raxdoor.com\/pt\/wp-json\/wp\/v2\/pages\/108\/revisions"}],"wp:attachment":[{"href":"https:\/\/www.raxdoor.com\/pt\/wp-json\/wp\/v2\/media?parent=108"}],"curies":[{"name":"wp","href":"https:\/\/api.w.org\/{rel}","templated":true}]}}