{"id":2165,"date":"2020-10-08T23:19:57","date_gmt":"2020-10-08T23:19:57","guid":{"rendered":"https:\/\/www.rochejewelry.com\/?page_id=2165"},"modified":"2024-11-05T13:10:04","modified_gmt":"2024-11-05T13:10:04","slug":"terms-of-service","status":"publish","type":"page","link":"https:\/\/www.raxdoor.com\/pt\/terms-of-service\/","title":{"rendered":"Termos de servi\u00e7o"},"content":{"rendered":"<div class=\"vc_row wpb_row vc_row-fluid\"><div class=\"wpb_column vc_column_container vc_col-sm-12\"><div class=\"vc_column-inner vc_custom_1583395690728\"><div class=\"wpb_wrapper\">\n\t<div class=\"wpb_text_column wpb_content_element\" >\n\t\t<div class=\"wpb_wrapper\">\n\t\t\t<p>Ol\u00e1, bem-vindo ao raxdoor.com! Para manter a integridade do nosso site, estabelecemos estes Termos de Servi\u00e7o em rela\u00e7\u00e3o ao nosso site. Ao usar nosso site, voc\u00ea concorda em aderir e estar vinculado aos seguintes termos de uso:<\/p>\n<p>&nbsp;<\/p>\n<h2>Limite de responsabilidade<\/h2>\n<p>raxdoor.com n\u00e3o \u00e9 respons\u00e1vel por nenhum tipo de dano ou perda que possa resultar do uso do nosso site ou produtos. Em nenhuma circunst\u00e2ncia seu propriet\u00e1rio ou quaisquer representantes autorizados do site ser\u00e3o respons\u00e1veis por quaisquer danos diretos, indiretos, especiais, incidentais ou consequentes decorrentes do uso ou incapacidade de usar os materiais disponibilizados no site raxdoor.com. Este site n\u00e3o fornece aconselhamento m\u00e9dico e n\u00e3o deve ser substitu\u00eddo por servi\u00e7os profissionais m\u00e9dicos ou de sa\u00fade mental.<\/p>\n<p>&nbsp;<\/p>\n<h2>Conduta no local<\/h2>\n<p>Voc\u00ea concorda em ser respeitoso com os outros ao participar de \u00e1reas de coment\u00e1rios em artigos e ao postar em f\u00f3runs. Quaisquer postagens no f\u00f3rum que possam ser consideradas inapropriadas podem ser exclu\u00eddas sem aviso pr\u00e9vio. Exemplos inapropriados incluem, mas n\u00e3o est\u00e3o limitados a, uso de palavr\u00f5es, coment\u00e1rios odiosos, upload de fotos que contenham nudez, etc. etc. N\u00f3s nos reservamos o direito de excluir, sem aviso pr\u00e9vio, quaisquer coment\u00e1rios, postagens no f\u00f3rum, etc. sem aviso pr\u00e9vio.<\/p>\n<p>&nbsp;<\/p>\n<h2>Termos do workshop e do e-book:<\/h2>\n<p>Nossos workshops e eBooks oferecidos neste site s\u00e3o protegidos por lei de direitos autorais e n\u00e3o podem ser revendidos, copiados ou redistribu\u00eddos. Compartilhar materiais ou informa\u00e7\u00f5es de login do usu\u00e1rio com terceiros n\u00e3o \u00e9 permitido e pode causar a exclus\u00e3o permanente da sua conta sem reembolso.<\/p>\n<p>&nbsp;<\/p>\n<h2>Pol\u00edtica de Reembolso\/Cancelamento<\/h2>\n<p>Devido \u00e0 natureza do conte\u00fado oferecido em nossos workshops online, os reembolsos para workshops online s\u00e3o feitos apenas caso a caso. Em casos em que um reembolso for emitido, sua conta ser\u00e1 desativada imediatamente.<\/p>\n\n\t\t<\/div>\n\t<\/div>\n<\/div><\/div><\/div><\/div>\n\n\n<div class=\"kk-star-ratings kksr-auto kksr-align-left kksr-valign-bottom\"\n    data-payload='{&quot;align&quot;:&quot;left&quot;,&quot;id&quot;:&quot;2165&quot;,&quot;slug&quot;:&quot;default&quot;,&quot;valign&quot;:&quot;bottom&quot;,&quot;ignore&quot;:&quot;&quot;,&quot;reference&quot;:&quot;auto&quot;,&quot;class&quot;:&quot;&quot;,&quot;count&quot;:&quot;19&quot;,&quot;legendonly&quot;:&quot;&quot;,&quot;readonly&quot;:&quot;&quot;,&quot;score&quot;:&quot;4.9&quot;,&quot;starsonly&quot;:&quot;&quot;,&quot;best&quot;:&quot;5&quot;,&quot;gap&quot;:&quot;4&quot;,&quot;greet&quot;:&quot;Rate this page&quot;,&quot;legend&quot;:&quot;4.9\\\/5 - (19 votes)&quot;,&quot;size&quot;:&quot;24&quot;,&quot;title&quot;:&quot;Terms of Service&quot;,&quot;width&quot;:&quot;135.2&quot;,&quot;_legend&quot;:&quot;{score}\\\/{best} - ({count} {votes})&quot;,&quot;font_factor&quot;:&quot;1.25&quot;}'>\n            \n<div class=\"kksr-stars\">\n    \n<div class=\"kksr-stars-inactive\">\n            <div class=\"kksr-star\" data-star=\"1\" style=\"padding-right: 4px\">\n            \n\n<div class=\"kksr-icon\" style=\"width: 24px; height: 24px;\"><\/div>\n        <\/div>\n            <div class=\"kksr-star\" data-star=\"2\" style=\"padding-right: 4px\">\n            \n\n<div class=\"kksr-icon\" style=\"width: 24px; height: 24px;\"><\/div>\n        <\/div>\n            <div class=\"kksr-star\" data-star=\"3\" style=\"padding-right: 4px\">\n            \n\n<div class=\"kksr-icon\" style=\"width: 24px; height: 24px;\"><\/div>\n        <\/div>\n            <div class=\"kksr-star\" data-star=\"4\" style=\"padding-right: 4px\">\n            \n\n<div class=\"kksr-icon\" style=\"width: 24px; height: 24px;\"><\/div>\n        <\/div>\n            <div class=\"kksr-star\" data-star=\"5\" style=\"padding-right: 4px\">\n            \n\n<div class=\"kksr-icon\" style=\"width: 24px; height: 24px;\"><\/div>\n        <\/div>\n    <\/div>\n    \n<div class=\"kksr-stars-active\" style=\"width: 135.2px;\">\n            <div class=\"kksr-star\" style=\"padding-right: 4px\">\n            \n\n<div class=\"kksr-icon\" style=\"width: 24px; height: 24px;\"><\/div>\n        <\/div>\n            <div class=\"kksr-star\" style=\"padding-right: 4px\">\n            \n\n<div class=\"kksr-icon\" style=\"width: 24px; height: 24px;\"><\/div>\n        <\/div>\n            <div class=\"kksr-star\" style=\"padding-right: 4px\">\n            \n\n<div class=\"kksr-icon\" style=\"width: 24px; height: 24px;\"><\/div>\n        <\/div>\n            <div class=\"kksr-star\" style=\"padding-right: 4px\">\n            \n\n<div class=\"kksr-icon\" style=\"width: 24px; height: 24px;\"><\/div>\n        <\/div>\n            <div class=\"kksr-star\" style=\"padding-right: 4px\">\n            \n\n<div class=\"kksr-icon\" style=\"width: 24px; height: 24px;\"><\/div>\n        <\/div>\n    <\/div>\n<\/div>\n                \n\n<div class=\"kksr-legend\" style=\"font-size: 19.2px;\">\n            4,9\/5 - (19 votos)    <\/div>\n    <\/div>","protected":false},"excerpt":{"rendered":"<p>Ol\u00e1, bem-vindo ao raxdoor.com! Para manter a integridade do nosso site, estabelecemos estes Termos de Servi\u00e7o referentes ao nosso site. Ao utilizar o nosso site, voc\u00ea concorda em aderir e estar vinculado aos seguintes termos de uso: Limite de Responsabilidade: O raxdoor.com n\u00e3o se responsabiliza por quaisquer danos ou perdas\u2026<\/p>","protected":false},"author":1,"featured_media":0,"parent":0,"menu_order":0,"comment_status":"closed","ping_status":"closed","template":"","meta":{"footnotes":""},"class_list":["post-2165","page","type-page","status-publish","hentry","description-off"],"_links":{"self":[{"href":"https:\/\/www.raxdoor.com\/pt\/wp-json\/wp\/v2\/pages\/2165","targetHints":{"allow":["GET"]}}],"collection":[{"href":"https:\/\/www.raxdoor.com\/pt\/wp-json\/wp\/v2\/pages"}],"about":[{"href":"https:\/\/www.raxdoor.com\/pt\/wp-json\/wp\/v2\/types\/page"}],"author":[{"embeddable":true,"href":"https:\/\/www.raxdoor.com\/pt\/wp-json\/wp\/v2\/users\/1"}],"replies":[{"embeddable":true,"href":"https:\/\/www.raxdoor.com\/pt\/wp-json\/wp\/v2\/comments?post=2165"}],"version-history":[{"count":0,"href":"https:\/\/www.raxdoor.com\/pt\/wp-json\/wp\/v2\/pages\/2165\/revisions"}],"wp:attachment":[{"href":"https:\/\/www.raxdoor.com\/pt\/wp-json\/wp\/v2\/media?parent=2165"}],"curies":[{"name":"wp","href":"https:\/\/api.w.org\/{rel}","templated":true}]}}