{"id":2165,"date":"2020-10-08T23:19:57","date_gmt":"2020-10-08T23:19:57","guid":{"rendered":"https:\/\/www.rochejewelry.com\/?page_id=2165"},"modified":"2024-11-05T13:10:04","modified_gmt":"2024-11-05T13:10:04","slug":"terms-of-service","status":"publish","type":"page","link":"https:\/\/www.raxdoor.com\/tr\/terms-of-service\/","title":{"rendered":"Hizmet \u015eartlar\u0131"},"content":{"rendered":"<div class=\"vc_row wpb_row vc_row-fluid\"><div class=\"wpb_column vc_column_container vc_col-sm-12\"><div class=\"vc_column-inner vc_custom_1583395690728\"><div class=\"wpb_wrapper\">\n\t<div class=\"wpb_text_column wpb_content_element\" >\n\t\t<div class=\"wpb_wrapper\">\n\t\t\t<p>Merhaba, raxdoor.com&#039;a ho\u015f geldiniz! Web sitemizin b\u00fct\u00fcnl\u00fc\u011f\u00fcn\u00fc korumak i\u00e7in, web sitemizle ilgili bu Hizmet \u015eartlar\u0131n\u0131 ortaya koyduk. Web sitemizi kullanarak, a\u015fa\u011f\u0131daki kullan\u0131m \u015fartlar\u0131na uymay\u0131 ve bunlara ba\u011fl\u0131 kalmay\u0131 kabul edersiniz:<\/p>\n<p>&nbsp;<\/p>\n<h2>Sorumluluk S\u0131n\u0131r\u0131<\/h2>\n<p>raxdoor.com, web sitemizin veya \u00fcr\u00fcnlerimizin kullan\u0131m\u0131ndan kaynaklanabilecek herhangi bir hasar veya kay\u0131ptan sorumlu de\u011fildir. Hi\u00e7bir ko\u015fulda, sitenin sahibi veya yetkili temsilcileri, raxdoor.com web sitesinde sunulan materyallerin kullan\u0131m\u0131ndan veya kullan\u0131lamamas\u0131ndan kaynaklanan do\u011frudan, dolayl\u0131, \u00f6zel, tesad\u00fcfi veya sonu\u00e7sal hasarlardan sorumlu tutulamaz. Bu web sitesi t\u0131bbi tavsiye sa\u011flamaz ve profesyonel t\u0131bbi veya ruh sa\u011fl\u0131\u011f\u0131 hizmetlerinin yerine ge\u00e7memelidir.<\/p>\n<p>&nbsp;<\/p>\n<h2>Site Davran\u0131\u015f\u0131<\/h2>\n<p>Makalelerdeki yorum alanlar\u0131na kat\u0131l\u0131rken ve forumlarda g\u00f6nderi payla\u015f\u0131rken ba\u015fkalar\u0131na kar\u015f\u0131 sayg\u0131l\u0131 olmay\u0131 kabul edersiniz. Forumda uygunsuz olarak de\u011ferlendirilebilecek g\u00f6nderiler bildirimde bulunulmaks\u0131z\u0131n silinebilir. Uygunsuz \u00f6rnekler aras\u0131nda k\u00fcf\u00fcr kullanmak, nefret dolu yorumlar yapmak, \u00e7\u0131plakl\u0131k i\u00e7eren resimler y\u00fcklemek vb. say\u0131labilir ancak bunlarla s\u0131n\u0131rl\u0131 de\u011fildir. Herhangi bir yorumu, forum g\u00f6nderisini vb. bildirimde bulunmaks\u0131z\u0131n silme hakk\u0131n\u0131 sakl\u0131 tutar\u0131z.<\/p>\n<p>&nbsp;<\/p>\n<h2>At\u00f6lye ve eKitap \u015eartlar\u0131:<\/h2>\n<p>Bu web sitesinde sunulan at\u00f6lyelerimiz ve e-Kitaplar\u0131m\u0131z telif hakk\u0131 yasas\u0131yla korunmaktad\u0131r ve yeniden sat\u0131lamaz, kopyalanamaz veya yeniden da\u011f\u0131t\u0131lamaz. Materyallerin veya kullan\u0131c\u0131 oturum a\u00e7ma bilgilerinin \u00fc\u00e7\u00fcnc\u00fc bir tarafla payla\u015f\u0131lmas\u0131 yasakt\u0131r ve hesab\u0131n\u0131z\u0131n geri \u00f6deme yap\u0131lmaks\u0131z\u0131n kal\u0131c\u0131 olarak silinmesine neden olabilir.<\/p>\n<p>&nbsp;<\/p>\n<h2>\u0130ade\/\u0130ptal Politikas\u0131<\/h2>\n<p>\u00c7evrimi\u00e7i at\u00f6lyelerimizde sunulan i\u00e7eri\u011fin do\u011fas\u0131 gere\u011fi, \u00e7evrimi\u00e7i at\u00f6lyeler i\u00e7in geri \u00f6demeler yaln\u0131zca vaka baz\u0131nda yap\u0131l\u0131r. Geri \u00f6deme yap\u0131ld\u0131\u011f\u0131 durumlarda, hesab\u0131n\u0131z derhal devre d\u0131\u015f\u0131 b\u0131rak\u0131lacakt\u0131r.<\/p>\n\n\t\t<\/div>\n\t<\/div>\n<\/div><\/div><\/div><\/div>\n\n\n<div class=\"kk-star-ratings kksr-auto kksr-align-left kksr-valign-bottom\"\n    data-payload='{&quot;align&quot;:&quot;left&quot;,&quot;id&quot;:&quot;2165&quot;,&quot;slug&quot;:&quot;default&quot;,&quot;valign&quot;:&quot;bottom&quot;,&quot;ignore&quot;:&quot;&quot;,&quot;reference&quot;:&quot;auto&quot;,&quot;class&quot;:&quot;&quot;,&quot;count&quot;:&quot;19&quot;,&quot;legendonly&quot;:&quot;&quot;,&quot;readonly&quot;:&quot;&quot;,&quot;score&quot;:&quot;4.9&quot;,&quot;starsonly&quot;:&quot;&quot;,&quot;best&quot;:&quot;5&quot;,&quot;gap&quot;:&quot;4&quot;,&quot;greet&quot;:&quot;Rate this page&quot;,&quot;legend&quot;:&quot;4.9\\\/5 - (19 votes)&quot;,&quot;size&quot;:&quot;24&quot;,&quot;title&quot;:&quot;Terms of Service&quot;,&quot;width&quot;:&quot;135.2&quot;,&quot;_legend&quot;:&quot;{score}\\\/{best} - ({count} {votes})&quot;,&quot;font_factor&quot;:&quot;1.25&quot;}'>\n            \n<div class=\"kksr-stars\">\n    \n<div class=\"kksr-stars-inactive\">\n            <div class=\"kksr-star\" data-star=\"1\" style=\"padding-right: 4px\">\n            \n\n<div class=\"kksr-icon\" style=\"width: 24px; height: 24px;\"><\/div>\n        <\/div>\n            <div class=\"kksr-star\" data-star=\"2\" style=\"padding-right: 4px\">\n            \n\n<div class=\"kksr-icon\" style=\"width: 24px; height: 24px;\"><\/div>\n        <\/div>\n            <div class=\"kksr-star\" data-star=\"3\" style=\"padding-right: 4px\">\n            \n\n<div class=\"kksr-icon\" style=\"width: 24px; height: 24px;\"><\/div>\n        <\/div>\n            <div class=\"kksr-star\" data-star=\"4\" style=\"padding-right: 4px\">\n            \n\n<div class=\"kksr-icon\" style=\"width: 24px; height: 24px;\"><\/div>\n        <\/div>\n            <div class=\"kksr-star\" data-star=\"5\" style=\"padding-right: 4px\">\n            \n\n<div class=\"kksr-icon\" style=\"width: 24px; height: 24px;\"><\/div>\n        <\/div>\n    <\/div>\n    \n<div class=\"kksr-stars-active\" style=\"width: 135.2px;\">\n            <div class=\"kksr-star\" style=\"padding-right: 4px\">\n            \n\n<div class=\"kksr-icon\" style=\"width: 24px; height: 24px;\"><\/div>\n        <\/div>\n            <div class=\"kksr-star\" style=\"padding-right: 4px\">\n            \n\n<div class=\"kksr-icon\" style=\"width: 24px; height: 24px;\"><\/div>\n        <\/div>\n            <div class=\"kksr-star\" style=\"padding-right: 4px\">\n            \n\n<div class=\"kksr-icon\" style=\"width: 24px; height: 24px;\"><\/div>\n        <\/div>\n            <div class=\"kksr-star\" style=\"padding-right: 4px\">\n            \n\n<div class=\"kksr-icon\" style=\"width: 24px; height: 24px;\"><\/div>\n        <\/div>\n            <div class=\"kksr-star\" style=\"padding-right: 4px\">\n            \n\n<div class=\"kksr-icon\" style=\"width: 24px; height: 24px;\"><\/div>\n        <\/div>\n    <\/div>\n<\/div>\n                \n\n<div class=\"kksr-legend\" style=\"font-size: 19.2px;\">\n            4.9\/5 - (19 oy)    <\/div>\n    <\/div>","protected":false},"excerpt":{"rendered":"<p>Merhaba, raxdoor.com&#039;a ho\u015f geldiniz! Web sitemizin b\u00fct\u00fcnl\u00fc\u011f\u00fcn\u00fc korumak i\u00e7in, web sitemizle ilgili bu Hizmet \u015eartlar\u0131n\u0131 ortaya koyduk. Web sitemizi kullanarak, a\u015fa\u011f\u0131daki kullan\u0131m \u015fartlar\u0131na uymay\u0131 ve bunlara ba\u011fl\u0131 kalmay\u0131 kabul edersiniz: Sorumluluk S\u0131n\u0131r\u0131 raxdoor.com herhangi bir hasar veya kay\u0131ptan sorumlu de\u011fildir\u2026<\/p>","protected":false},"author":1,"featured_media":0,"parent":0,"menu_order":0,"comment_status":"closed","ping_status":"closed","template":"","meta":{"footnotes":""},"class_list":["post-2165","page","type-page","status-publish","hentry","description-off"],"_links":{"self":[{"href":"https:\/\/www.raxdoor.com\/tr\/wp-json\/wp\/v2\/pages\/2165","targetHints":{"allow":["GET"]}}],"collection":[{"href":"https:\/\/www.raxdoor.com\/tr\/wp-json\/wp\/v2\/pages"}],"about":[{"href":"https:\/\/www.raxdoor.com\/tr\/wp-json\/wp\/v2\/types\/page"}],"author":[{"embeddable":true,"href":"https:\/\/www.raxdoor.com\/tr\/wp-json\/wp\/v2\/users\/1"}],"replies":[{"embeddable":true,"href":"https:\/\/www.raxdoor.com\/tr\/wp-json\/wp\/v2\/comments?post=2165"}],"version-history":[{"count":0,"href":"https:\/\/www.raxdoor.com\/tr\/wp-json\/wp\/v2\/pages\/2165\/revisions"}],"wp:attachment":[{"href":"https:\/\/www.raxdoor.com\/tr\/wp-json\/wp\/v2\/media?parent=2165"}],"curies":[{"name":"wp","href":"https:\/\/api.w.org\/{rel}","templated":true}]}}